{"id":77,"date":"2026-02-17T21:32:45","date_gmt":"2026-02-17T21:32:45","guid":{"rendered":"https:\/\/www.velodemontagnecantons.com\/?page_id=77"},"modified":"2026-04-08T18:42:31","modified_gmt":"2026-04-08T18:42:31","slug":"qui-sommes-nous","status":"publish","type":"page","link":"https:\/\/www.velodemontagnecantons.com\/en\/qui-sommes-nous\/","title":{"rendered":"Who are we?"},"content":{"rendered":"<p class=\"has-small-font-size\" style=\"font-style:normal;font-weight:400\"><strong>2021:<\/strong>&nbsp;<a href=\"https:\/\/www.cantonsdelest.com\/\" target=\"_blank\" rel=\"noreferrer noopener\"><span style=\"text-decoration: underline;\">Tourisme Cantons\u2013de-l\u2019Est<\/span><\/a>&nbsp;produces, following rounds of consultations with stakeholders, a masterplan for the development of mountain biking in the Eastern Townships, aiming at framing the development and activity in the region and building bridges between stakeholders.<\/p>\n\n\n\n<figure class=\"wp-block-image aligncenter size-full is-resized is-style-default\" style=\"margin-top:var(--wp--preset--spacing--50);margin-bottom:var(--wp--preset--spacing--50)\"><img loading=\"lazy\" decoding=\"async\" width=\"600\" height=\"264\" src=\"https:\/\/www.velodemontagnecantons.com\/wp-content\/uploads\/2026\/02\/Pitt-TErrasse-Francis-Tetrault-2025.jpg\" alt=\"Des cyclises sur une terrasse avec vue sur la montagne au Pitt Stop \u00e0 Bromont\" class=\"wp-image-226\" style=\"aspect-ratio:16\/9;object-fit:cover;width:472px;height:auto\" srcset=\"https:\/\/www.velodemontagnecantons.com\/wp-content\/uploads\/2026\/02\/Pitt-TErrasse-Francis-Tetrault-2025.jpg 600w, https:\/\/www.velodemontagnecantons.com\/wp-content\/uploads\/2026\/02\/Pitt-TErrasse-Francis-Tetrault-2025-300x132.jpg 300w\" sizes=\"auto, (max-width: 600px) 100vw, 600px\" \/><\/figure>\n\n\n\n<p><\/p>\n\n\n\n<p class=\"has-small-font-size\" style=\"padding-top:var(--wp--preset--spacing--20);padding-bottom:var(--wp--preset--spacing--20);font-style:normal;font-weight:400\"><strong>2022:<\/strong>&nbsp;The Collective, supported by financial contributions of 7 trail centers, from Tourism Eastern Townships and the Conseil sport et loisir de l'Estrie, hires a first part-time employee and starts working on:<\/p>\n\n\n\n<p><\/p>\n\n\n\n<p class=\"has-small-font-size\" style=\"padding-top:var(--wp--preset--spacing--20);padding-bottom:var(--wp--preset--spacing--20);font-style:normal;font-weight:400\">- Corhorts for organisational resiliency<\/p>\n\n\n\n<p class=\"has-small-font-size\" style=\"padding-top:var(--wp--preset--spacing--20);padding-bottom:var(--wp--preset--spacing--20);font-style:normal;font-weight:400\">- Grants addressed to PAFILR programs at Loisir et Sport Mont\u00e9r\u00e9gie&nbsp;<span style=\"text-decoration: underline;\"><a href=\"https:\/\/www.loisir.qc.ca\/\" target=\"_blank\" rel=\"noreferrer noopener\">Loisir et Sport Mont\u00e9r\u00e9gie<\/a><\/span><\/p>\n\n\n\n<p class=\"has-small-font-size\" style=\"padding-top:var(--wp--preset--spacing--20);padding-bottom:var(--wp--preset--spacing--20);font-style:normal;font-weight:400\">- Major grant application on the Plan montagnes program from the Ministry of Tourism (MTO), in collaboration with the Ministry of Municipal Affairs and Housing (MAMH)&nbsp;<a href=\"https:\/\/www.cantonsdelest.com\/services-aux-membres\/article\/128\/plan-montagnes-aide-financiere\"><span style=\"text-decoration: underline;\">Plan Montagne<\/span><\/a><\/p>\n\n\n\n<p class=\"has-small-font-size\" style=\"font-style:normal;font-weight:400\"><\/p>\n\n\n\n<p><\/p>\n\n\n\n<p class=\"has-small-font-size\" style=\"padding-top:var(--wp--preset--spacing--20);padding-bottom:var(--wp--preset--spacing--20);font-style:normal;font-weight:400\"><strong>2024:<\/strong>&nbsp;The funding obtained allows for the hiring of Francis T\u00e9trault as a full-time project manager in march 2025. The Collective's main project revolves around classification and signage in trails, aiming at providing a uniform and safe experience to visitors, both local and touristic.<\/p>\n\n\n\n<p class=\"has-small-font-size\" style=\"font-style:normal;font-weight:400\"><\/p>\n\n\n\n<p><\/p>\n\n\n\n<p class=\"has-small-font-size\" style=\"padding-top:var(--wp--preset--spacing--20);padding-bottom:var(--wp--preset--spacing--20);font-style:normal;font-weight:400\"><strong>2025:<\/strong>&nbsp;Many actions are implemented&nbsp;<span style=\"text-decoration: underline;\"><a href=\"https:\/\/sites.google.com\/velodemontagnecantons.com\/accueil\/r%C3%A9capitulatif-de-lann%C3%A9e-2025\">(see the 2025 recap)<\/a>,<\/span> amongst which branding and social media pages, along with a video campaign. The Collective is born!<\/p>\n\n\n\n<figure class=\"wp-block-image aligncenter size-large is-resized\" style=\"margin-top:var(--wp--preset--spacing--60);margin-bottom:var(--wp--preset--spacing--60)\"><img loading=\"lazy\" decoding=\"async\" width=\"1024\" height=\"468\" src=\"https:\/\/www.velodemontagnecantons.com\/wp-content\/uploads\/2026\/02\/VM-Cantons-Est-Horizontal-coul-1024x468.jpg\" alt=\"Logo horizontal - V\u00e9lo de montagne Cantons-de-l'Est\" class=\"wp-image-78\" style=\"aspect-ratio:2.1882547349688575;width:427px;height:auto\" srcset=\"https:\/\/www.velodemontagnecantons.com\/wp-content\/uploads\/2026\/02\/VM-Cantons-Est-Horizontal-coul-1024x468.jpg 1024w, https:\/\/www.velodemontagnecantons.com\/wp-content\/uploads\/2026\/02\/VM-Cantons-Est-Horizontal-coul-300x137.jpg 300w, https:\/\/www.velodemontagnecantons.com\/wp-content\/uploads\/2026\/02\/VM-Cantons-Est-Horizontal-coul-768x351.jpg 768w, https:\/\/www.velodemontagnecantons.com\/wp-content\/uploads\/2026\/02\/VM-Cantons-Est-Horizontal-coul-1536x701.jpg 1536w, https:\/\/www.velodemontagnecantons.com\/wp-content\/uploads\/2026\/02\/VM-Cantons-Est-Horizontal-coul-2048x935.jpg 2048w\" sizes=\"auto, (max-width: 1024px) 100vw, 1024px\" \/><\/figure>\n\n\n\n<p class=\"has-small-font-size\" style=\"padding-top:var(--wp--preset--spacing--20);padding-bottom:var(--wp--preset--spacing--20);font-style:normal;font-weight:400\"><strong>2026:<\/strong> The Collective enters phase 2 of its development and broadens its offer to the entire Eastern Townships: <a href=\"https:\/\/www.velodemontagnecantons.com\/en\/communaute\/\" target=\"_blank\" rel=\"noreferrer noopener nofollow\"><strong>Joins us! <\/strong><\/a><\/p>\n\n\n\n<p><\/p>\n\n\n\n<h2 class=\"wp-block-heading has-text-align-center has-primary-color has-text-color has-link-color has-x-large-font-size wp-elements-ba7cd9244334dd83f0d1c8ee5d7a6903\">The 9 founding partners<\/h2>\n\n\n\n<figure class=\"wp-block-image aligncenter size-large\"><img loading=\"lazy\" decoding=\"async\" width=\"1024\" height=\"660\" src=\"https:\/\/www.velodemontagnecantons.com\/wp-content\/uploads\/2026\/02\/9-Fondateurs-1024x660.jpg\" alt=\"Logos des 9 partenaires fondateurs du Collectif\" class=\"wp-image-383\" srcset=\"https:\/\/www.velodemontagnecantons.com\/wp-content\/uploads\/2026\/02\/9-Fondateurs-1024x660.jpg 1024w, https:\/\/www.velodemontagnecantons.com\/wp-content\/uploads\/2026\/02\/9-Fondateurs-300x193.jpg 300w, https:\/\/www.velodemontagnecantons.com\/wp-content\/uploads\/2026\/02\/9-Fondateurs-768x495.jpg 768w, https:\/\/www.velodemontagnecantons.com\/wp-content\/uploads\/2026\/02\/9-Fondateurs-1536x990.jpg 1536w, https:\/\/www.velodemontagnecantons.com\/wp-content\/uploads\/2026\/02\/9-Fondateurs.jpg 1675w\" sizes=\"auto, (max-width: 1024px) 100vw, 1024px\" \/><\/figure>\n\n\n\n<h2 class=\"wp-block-heading\">Mission, Vision, Values<\/h2>\n\n\n\n<p class=\"has-small-font-size\" style=\"font-style:normal;font-weight:400\">The Collective is guided by a human scale GPS. <a href=\"https:\/\/www.velodemontagnecantons.com\/en\/mission-vision-valeurs\/\" target=\"_blank\" rel=\"noreferrer noopener\"><span style=\"text-decoration: underline;\">get to know its operating settings.<\/span>. <\/a><\/p>\n\n\n\n<p><\/p>","protected":false},"excerpt":{"rendered":"<p>2021:&nbsp;Tourisme Cantons\u2013de-l\u2019Est&nbsp;produit, suite \u00e0 une s\u00e9rie de consultations du milieu, un Plan directeur pour le d\u00e9veloppement du V\u00e9lo de montagne, qui vise \u00e0 encadrer le d\u00e9veloppement de l\u2019activit\u00e9 dans la r\u00e9gion et cr\u00e9er des ponts entre les intervenants du milieu. 2022:&nbsp;Le Collectif, port\u00e9 par une contribution financi\u00e8re de 7 centres de v\u00e9lo de montagne de [&hellip;]<\/p>\n","protected":false},"author":2,"featured_media":0,"parent":0,"menu_order":0,"comment_status":"closed","ping_status":"closed","template":"","meta":{"footnotes":""},"class_list":["post-77","page","type-page","status-publish","hentry"],"yoast_head":"<!-- This site is optimized with the Yoast SEO plugin v27.4 - https:\/\/yoast.com\/product\/yoast-seo-wordpress\/ -->\n<title>Qui sommes-nous? - V\u00e9lo de montagne Cantons-de-l&#039;Est<\/title>\n<meta name=\"description\" content=\"R\u00e9sum\u00e9 des \u00e9tapes menant \u00e0 la cr\u00e9ation du Collectif V\u00e9lo de montagne Cantons-de-l&#039;Est\" \/>\n<meta name=\"robots\" content=\"index, follow, max-snippet:-1, max-image-preview:large, max-video-preview:-1\" \/>\n<link rel=\"canonical\" href=\"https:\/\/www.velodemontagnecantons.com\/en\/qui-sommes-nous\/\" \/>\n<meta property=\"og:locale\" content=\"en_US\" \/>\n<meta property=\"og:type\" content=\"article\" \/>\n<meta property=\"og:title\" content=\"Qui sommes-nous? - V\u00e9lo de montagne Cantons-de-l&#039;Est\" \/>\n<meta property=\"og:description\" content=\"R\u00e9sum\u00e9 des \u00e9tapes menant \u00e0 la cr\u00e9ation du Collectif V\u00e9lo de montagne Cantons-de-l&#039;Est\" \/>\n<meta property=\"og:url\" content=\"https:\/\/www.velodemontagnecantons.com\/en\/qui-sommes-nous\/\" \/>\n<meta property=\"og:site_name\" content=\"V\u00e9lo de montagne Cantons-de-l&#039;Est\" \/>\n<meta property=\"article:publisher\" content=\"https:\/\/www.facebook.com\/VelodemontagneCantonsdelEst\" \/>\n<meta property=\"article:modified_time\" content=\"2026-04-08T18:42:31+00:00\" \/>\n<meta property=\"og:image\" content=\"https:\/\/www.velodemontagnecantons.com\/wp-content\/uploads\/2026\/02\/Pitt-TErrasse-Francis-Tetrault-2025.jpg\" \/>\n\t<meta property=\"og:image:width\" content=\"600\" \/>\n\t<meta property=\"og:image:height\" content=\"264\" \/>\n\t<meta property=\"og:image:type\" content=\"image\/jpeg\" \/>\n<meta name=\"twitter:card\" content=\"summary_large_image\" \/>\n<meta name=\"twitter:label1\" content=\"Est. reading time\" \/>\n\t<meta name=\"twitter:data1\" content=\"1 minute\" \/>\n<script type=\"application\/ld+json\" class=\"yoast-schema-graph\">{\"@context\":\"https:\\\/\\\/schema.org\",\"@graph\":[{\"@type\":\"WebPage\",\"@id\":\"https:\\\/\\\/www.velodemontagnecantons.com\\\/qui-sommes-nous\\\/\",\"url\":\"https:\\\/\\\/www.velodemontagnecantons.com\\\/qui-sommes-nous\\\/\",\"name\":\"Qui sommes-nous? - V\u00e9lo de montagne Cantons-de-l&#039;Est\",\"isPartOf\":{\"@id\":\"https:\\\/\\\/www.velodemontagnecantons.com\\\/#website\"},\"primaryImageOfPage\":{\"@id\":\"https:\\\/\\\/www.velodemontagnecantons.com\\\/qui-sommes-nous\\\/#primaryimage\"},\"image\":{\"@id\":\"https:\\\/\\\/www.velodemontagnecantons.com\\\/qui-sommes-nous\\\/#primaryimage\"},\"thumbnailUrl\":\"https:\\\/\\\/www.velodemontagnecantons.com\\\/wp-content\\\/uploads\\\/2026\\\/02\\\/Pitt-TErrasse-Francis-Tetrault-2025.jpg\",\"datePublished\":\"2026-02-17T21:32:45+00:00\",\"dateModified\":\"2026-04-08T18:42:31+00:00\",\"description\":\"R\u00e9sum\u00e9 des \u00e9tapes menant \u00e0 la cr\u00e9ation du Collectif V\u00e9lo de montagne Cantons-de-l'Est\",\"breadcrumb\":{\"@id\":\"https:\\\/\\\/www.velodemontagnecantons.com\\\/qui-sommes-nous\\\/#breadcrumb\"},\"inLanguage\":\"en-CA\",\"potentialAction\":[{\"@type\":\"ReadAction\",\"target\":[\"https:\\\/\\\/www.velodemontagnecantons.com\\\/qui-sommes-nous\\\/\"]}]},{\"@type\":\"ImageObject\",\"inLanguage\":\"en-CA\",\"@id\":\"https:\\\/\\\/www.velodemontagnecantons.com\\\/qui-sommes-nous\\\/#primaryimage\",\"url\":\"https:\\\/\\\/www.velodemontagnecantons.com\\\/wp-content\\\/uploads\\\/2026\\\/02\\\/Pitt-TErrasse-Francis-Tetrault-2025.jpg\",\"contentUrl\":\"https:\\\/\\\/www.velodemontagnecantons.com\\\/wp-content\\\/uploads\\\/2026\\\/02\\\/Pitt-TErrasse-Francis-Tetrault-2025.jpg\"},{\"@type\":\"BreadcrumbList\",\"@id\":\"https:\\\/\\\/www.velodemontagnecantons.com\\\/qui-sommes-nous\\\/#breadcrumb\",\"itemListElement\":[{\"@type\":\"ListItem\",\"position\":1,\"name\":\"Home\",\"item\":\"https:\\\/\\\/www.velodemontagnecantons.com\\\/\"},{\"@type\":\"ListItem\",\"position\":2,\"name\":\"Qui sommes-nous?\"}]},{\"@type\":\"WebSite\",\"@id\":\"https:\\\/\\\/www.velodemontagnecantons.com\\\/#website\",\"url\":\"https:\\\/\\\/www.velodemontagnecantons.com\\\/\",\"name\":\"Just another WordPress site\",\"description\":\"Le collectif \u00ab MTB \u00bb pour rassembler les organismes de la r\u00e9gion!\",\"publisher\":{\"@id\":\"https:\\\/\\\/www.velodemontagnecantons.com\\\/#organization\"},\"potentialAction\":[{\"@type\":\"SearchAction\",\"target\":{\"@type\":\"EntryPoint\",\"urlTemplate\":\"https:\\\/\\\/www.velodemontagnecantons.com\\\/?s={search_term_string}\"},\"query-input\":{\"@type\":\"PropertyValueSpecification\",\"valueRequired\":true,\"valueName\":\"search_term_string\"}}],\"inLanguage\":\"en-CA\"},{\"@type\":\"Organization\",\"@id\":\"https:\\\/\\\/www.velodemontagnecantons.com\\\/#organization\",\"name\":\"Just another WordPress site\",\"url\":\"https:\\\/\\\/www.velodemontagnecantons.com\\\/\",\"logo\":{\"@type\":\"ImageObject\",\"inLanguage\":\"en-CA\",\"@id\":\"https:\\\/\\\/www.velodemontagnecantons.com\\\/#\\\/schema\\\/logo\\\/image\\\/\",\"url\":\"https:\\\/\\\/www.velodemontagnecantons.com\\\/wp-content\\\/uploads\\\/2026\\\/02\\\/VM-Cantons-Est-Horizontal-blanc.png\",\"contentUrl\":\"https:\\\/\\\/www.velodemontagnecantons.com\\\/wp-content\\\/uploads\\\/2026\\\/02\\\/VM-Cantons-Est-Horizontal-blanc.png\",\"width\":1351,\"height\":374,\"caption\":\"Just another WordPress site\"},\"image\":{\"@id\":\"https:\\\/\\\/www.velodemontagnecantons.com\\\/#\\\/schema\\\/logo\\\/image\\\/\"},\"sameAs\":[\"https:\\\/\\\/www.facebook.com\\\/VelodemontagneCantonsdelEst\"]}]}<\/script>\n<!-- \/ Yoast SEO plugin. -->","yoast_head_json":{"title":"Qui sommes-nous? - V\u00e9lo de montagne Cantons-de-l&#039;Est","description":"R\u00e9sum\u00e9 des \u00e9tapes menant \u00e0 la cr\u00e9ation du Collectif V\u00e9lo de montagne Cantons-de-l'Est","robots":{"index":"index","follow":"follow","max-snippet":"max-snippet:-1","max-image-preview":"max-image-preview:large","max-video-preview":"max-video-preview:-1"},"canonical":"https:\/\/www.velodemontagnecantons.com\/en\/qui-sommes-nous\/","og_locale":"en_US","og_type":"article","og_title":"Qui sommes-nous? - V\u00e9lo de montagne Cantons-de-l&#039;Est","og_description":"R\u00e9sum\u00e9 des \u00e9tapes menant \u00e0 la cr\u00e9ation du Collectif V\u00e9lo de montagne Cantons-de-l'Est","og_url":"https:\/\/www.velodemontagnecantons.com\/en\/qui-sommes-nous\/","og_site_name":"V\u00e9lo de montagne Cantons-de-l&#039;Est","article_publisher":"https:\/\/www.facebook.com\/VelodemontagneCantonsdelEst","article_modified_time":"2026-04-08T18:42:31+00:00","og_image":[{"width":600,"height":264,"url":"https:\/\/www.velodemontagnecantons.com\/wp-content\/uploads\/2026\/02\/Pitt-TErrasse-Francis-Tetrault-2025.jpg","type":"image\/jpeg"}],"twitter_card":"summary_large_image","twitter_misc":{"Est. reading time":"1 minute"},"schema":{"@context":"https:\/\/schema.org","@graph":[{"@type":"WebPage","@id":"https:\/\/www.velodemontagnecantons.com\/qui-sommes-nous\/","url":"https:\/\/www.velodemontagnecantons.com\/qui-sommes-nous\/","name":"Qui sommes-nous? - V\u00e9lo de montagne Cantons-de-l&#039;Est","isPartOf":{"@id":"https:\/\/www.velodemontagnecantons.com\/#website"},"primaryImageOfPage":{"@id":"https:\/\/www.velodemontagnecantons.com\/qui-sommes-nous\/#primaryimage"},"image":{"@id":"https:\/\/www.velodemontagnecantons.com\/qui-sommes-nous\/#primaryimage"},"thumbnailUrl":"https:\/\/www.velodemontagnecantons.com\/wp-content\/uploads\/2026\/02\/Pitt-TErrasse-Francis-Tetrault-2025.jpg","datePublished":"2026-02-17T21:32:45+00:00","dateModified":"2026-04-08T18:42:31+00:00","description":"R\u00e9sum\u00e9 des \u00e9tapes menant \u00e0 la cr\u00e9ation du Collectif V\u00e9lo de montagne Cantons-de-l'Est","breadcrumb":{"@id":"https:\/\/www.velodemontagnecantons.com\/qui-sommes-nous\/#breadcrumb"},"inLanguage":"en-CA","potentialAction":[{"@type":"ReadAction","target":["https:\/\/www.velodemontagnecantons.com\/qui-sommes-nous\/"]}]},{"@type":"ImageObject","inLanguage":"en-CA","@id":"https:\/\/www.velodemontagnecantons.com\/qui-sommes-nous\/#primaryimage","url":"https:\/\/www.velodemontagnecantons.com\/wp-content\/uploads\/2026\/02\/Pitt-TErrasse-Francis-Tetrault-2025.jpg","contentUrl":"https:\/\/www.velodemontagnecantons.com\/wp-content\/uploads\/2026\/02\/Pitt-TErrasse-Francis-Tetrault-2025.jpg"},{"@type":"BreadcrumbList","@id":"https:\/\/www.velodemontagnecantons.com\/qui-sommes-nous\/#breadcrumb","itemListElement":[{"@type":"ListItem","position":1,"name":"Home","item":"https:\/\/www.velodemontagnecantons.com\/"},{"@type":"ListItem","position":2,"name":"Qui sommes-nous?"}]},{"@type":"WebSite","@id":"https:\/\/www.velodemontagnecantons.com\/#website","url":"https:\/\/www.velodemontagnecantons.com\/","name":"Just another WordPress site","description":"Le collectif \u00ab MTB \u00bb pour rassembler les organismes de la r\u00e9gion!","publisher":{"@id":"https:\/\/www.velodemontagnecantons.com\/#organization"},"potentialAction":[{"@type":"SearchAction","target":{"@type":"EntryPoint","urlTemplate":"https:\/\/www.velodemontagnecantons.com\/?s={search_term_string}"},"query-input":{"@type":"PropertyValueSpecification","valueRequired":true,"valueName":"search_term_string"}}],"inLanguage":"en-CA"},{"@type":"Organization","@id":"https:\/\/www.velodemontagnecantons.com\/#organization","name":"Just another WordPress site","url":"https:\/\/www.velodemontagnecantons.com\/","logo":{"@type":"ImageObject","inLanguage":"en-CA","@id":"https:\/\/www.velodemontagnecantons.com\/#\/schema\/logo\/image\/","url":"https:\/\/www.velodemontagnecantons.com\/wp-content\/uploads\/2026\/02\/VM-Cantons-Est-Horizontal-blanc.png","contentUrl":"https:\/\/www.velodemontagnecantons.com\/wp-content\/uploads\/2026\/02\/VM-Cantons-Est-Horizontal-blanc.png","width":1351,"height":374,"caption":"Just another WordPress site"},"image":{"@id":"https:\/\/www.velodemontagnecantons.com\/#\/schema\/logo\/image\/"},"sameAs":["https:\/\/www.facebook.com\/VelodemontagneCantonsdelEst"]}]}},"_links":{"self":[{"href":"https:\/\/www.velodemontagnecantons.com\/en\/wp-json\/wp\/v2\/pages\/77","targetHints":{"allow":["GET"]}}],"collection":[{"href":"https:\/\/www.velodemontagnecantons.com\/en\/wp-json\/wp\/v2\/pages"}],"about":[{"href":"https:\/\/www.velodemontagnecantons.com\/en\/wp-json\/wp\/v2\/types\/page"}],"author":[{"embeddable":true,"href":"https:\/\/www.velodemontagnecantons.com\/en\/wp-json\/wp\/v2\/users\/2"}],"replies":[{"embeddable":true,"href":"https:\/\/www.velodemontagnecantons.com\/en\/wp-json\/wp\/v2\/comments?post=77"}],"version-history":[{"count":10,"href":"https:\/\/www.velodemontagnecantons.com\/en\/wp-json\/wp\/v2\/pages\/77\/revisions"}],"predecessor-version":[{"id":572,"href":"https:\/\/www.velodemontagnecantons.com\/en\/wp-json\/wp\/v2\/pages\/77\/revisions\/572"}],"wp:attachment":[{"href":"https:\/\/www.velodemontagnecantons.com\/en\/wp-json\/wp\/v2\/media?parent=77"}],"curies":[{"name":"wp","href":"https:\/\/api.w.org\/{rel}","templated":true}]}}